{"id":2160,"date":"2022-04-09T10:11:07","date_gmt":"2022-04-09T09:11:07","guid":{"rendered":"https:\/\/www.hgv-altenbeken.de\/wp\/?page_id=2160"},"modified":"2023-09-25T13:44:09","modified_gmt":"2023-09-25T12:44:09","slug":"2022-04-03","status":"publish","type":"page","link":"https:\/\/www.hgv-altenbeken.de\/wp\/aktivitaeten\/veranstaltungen-2022\/2022-04-03\/","title":{"rendered":"2022-04-03"},"content":{"rendered":"<h2>Fr\u00fchjahrsexkursion am 03.04.2022<\/h2>\n<p>&nbsp;<\/p>\n<p>Gef\u00fchrte Wanderung von und mit Michael Bieling<\/p>\n<p><a href=\"https:\/\/www.hgv-altenbeken.de\/wp\/wp-content\/uploads\/2022\/06\/2022-04-03_Exkursion_Kempen_Nachbericht.pdf\" target=\"_blank\" rel=\"noopener\">Ausarbeitung der Exkursion<\/a><\/p>\n<p>&nbsp;<\/p>\n<p>Auf gro\u00dfes Interesse stie\u00df die Fr\u00fchjahrsexkursion des HGV am Sonntag, dem 3. April. Tage zuvor hatte es einen Wintereinbruch gegeben, was aber die ca. 50 Teilnehmenden nicht abschreckte. Statt W\u00e4rme und Fr\u00fchlingsduft gab es K\u00e4lte und Schnee.<\/p>\n<p>Vom Kempener Ortskern aus f\u00fchrte Michael Bieling die Gruppe zun\u00e4chst bis zum Kempener Ehrenmal. \u201eIn Kempen entspringt die Durbeke, und dort in der Wiese im Tal entspringt die Sage\u201c, erkl\u00e4rte M. Bieling und zeigte Richtung S\u00fcdosten. Dann ging es hinauf zum Lichten Platz am Hiltenberg. Auffallend:&nbsp; eine graben\u00e4hnliche Vertiefung, die, wie sich sp\u00e4ter zeigte, bis ins Durbeketal hinunter verl\u00e4uft. Die Gruppe erfuhr, dass sich vor Millionen Jahren hier ein Meer befand, dass sich das Gebiet sp\u00e4ter hob, senkte und faltete, dass Eiszeiten es sp\u00e4ter zudeckten. Die Wassersysteme waren andere, der Graben k\u00f6nnte ein Hinweis darauf sein.<\/p>\n<p>Auf dem Weg hinunter zum Durbeketal wies M. Bieling auf einen der vielen Kohlenmeiler hin. Runde Strukturen bei Tim-online, Mikroreliefs, deutet er als Reste von K\u00f6hlerh\u00fctten. \u201eHier drau\u00dfen, bei Wind und Wetter, schon ein m\u00fchseliges Leben\u201c, meinte ein Teilnehmer, und dachte dabei auch an die Arbeiter der Glash\u00fctte und Eisenh\u00fctte im Oberen Durbeketal. Relikte dieser Zeit fanden sich auf dem Heimweg nach Kempen im Schotterbett: unz\u00e4hlige blaue Steinchen glitzerten wie Diamanten in der Wintersonne!<\/p>\n<p>Ursula Barkhausen<\/p>\n<p>&nbsp;<\/p>\n<p>Alle Bilder von J. Wiek<\/p>\nngg_shortcode_0_placeholder\n","protected":false},"excerpt":{"rendered":"<p>Fr\u00fchjahrsexkursion am 03.04.2022 &nbsp; Gef\u00fchrte Wanderung von und mit Michael Bieling Ausarbeitung der Exkursion &nbsp; Auf gro\u00dfes Interesse stie\u00df die Fr\u00fchjahrsexkursion des HGV am Sonntag, dem 3. April. Tage zuvor hatte es einen Wintereinbruch gegeben, was aber die ca. 50 Teilnehmenden nicht abschreckte. Statt W\u00e4rme und Fr\u00fchlingsduft gab es K\u00e4lte und Schnee. Vom Kempener Ortskern &hellip; <\/p>\n<p class=\"link-more\"><a href=\"https:\/\/www.hgv-altenbeken.de\/wp\/aktivitaeten\/veranstaltungen-2022\/2022-04-03\/\" class=\"more-link\"><span class=\"screen-reader-text\">\u201e2022-04-03\u201c<\/span> weiterlesen<\/a><\/p>\n","protected":false},"author":1,"featured_media":0,"parent":2157,"menu_order":0,"comment_status":"closed","ping_status":"closed","template":"","meta":{"ngg_post_thumbnail":0,"footnotes":""},"_links":{"self":[{"href":"https:\/\/www.hgv-altenbeken.de\/wp\/wp-json\/wp\/v2\/pages\/2160"}],"collection":[{"href":"https:\/\/www.hgv-altenbeken.de\/wp\/wp-json\/wp\/v2\/pages"}],"about":[{"href":"https:\/\/www.hgv-altenbeken.de\/wp\/wp-json\/wp\/v2\/types\/page"}],"author":[{"embeddable":true,"href":"https:\/\/www.hgv-altenbeken.de\/wp\/wp-json\/wp\/v2\/users\/1"}],"replies":[{"embeddable":true,"href":"https:\/\/www.hgv-altenbeken.de\/wp\/wp-json\/wp\/v2\/comments?post=2160"}],"version-history":[{"count":13,"href":"https:\/\/www.hgv-altenbeken.de\/wp\/wp-json\/wp\/v2\/pages\/2160\/revisions"}],"predecessor-version":[{"id":2756,"href":"https:\/\/www.hgv-altenbeken.de\/wp\/wp-json\/wp\/v2\/pages\/2160\/revisions\/2756"}],"up":[{"embeddable":true,"href":"https:\/\/www.hgv-altenbeken.de\/wp\/wp-json\/wp\/v2\/pages\/2157"}],"wp:attachment":[{"href":"https:\/\/www.hgv-altenbeken.de\/wp\/wp-json\/wp\/v2\/media?parent=2160"}],"curies":[{"name":"wp","href":"https:\/\/api.w.org\/{rel}","templated":true}]}}