{"id":2541,"date":"2023-03-24T12:58:46","date_gmt":"2023-03-24T11:58:46","guid":{"rendered":"https:\/\/www.hgv-altenbeken.de\/wp\/?page_id=2541"},"modified":"2023-03-30T10:55:10","modified_gmt":"2023-03-30T09:55:10","slug":"geologischer-vortrag-von-dr-eckhard-speetzen","status":"publish","type":"page","link":"https:\/\/www.hgv-altenbeken.de\/wp\/aktuelles\/geologischer-vortrag-von-dr-eckhard-speetzen\/","title":{"rendered":"2023-03-26"},"content":{"rendered":"<h2>Geologischer Vortrag von Dr. Eckhard Speetzen<\/h2>\n<p>&nbsp;<\/p>\n<p>Der Vortrag bringt v\u00f6llig&nbsp; neue Erkenntnisse zu diesen Findlingen und Ger\u00f6llen, die aufgrund einer Naturkathastrophe die vor \u00fcber 10.000 Jahren stattfand \u00fcber der Kamm des Eggegebirges in die beiden Bacht\u00e4ler geschwemmt wurden. Nur durch den Fund dieser Steine konnte Herr Dr. Speetzen (Dipl. Geologe) die \u00dcberschwemmung nachweisen.<\/p>\n<h3><strong>Um was geht es in Dr. Speetzens Vortrag?<\/strong><\/h3>\n<p>Findlinge und Ger\u00f6lle sind Elemente der Kulturlandschaft an Teutoburger Wald und im Eggegebirge. Wer aufmerksam ist, wird an vielen Stellen derartige Steine in den verschiedensten Gr\u00f6\u00dfen als Hofeingrenzungen und als Gedenk- oder auch Grabsteine vorfinden. Im Mittelalter und in der fr\u00fchen Neuzeit konnte man sich h\u00e4ufig nicht erkl\u00e4ren, wie diese auff\u00e4lligen Steine in die Landschaft kamen und vermutete den Teufel als Urheber. Viele dieser Steine wurden als sogar als Teufelssteine bezeichnet. Doch was ist die wahre Geschichte dieser Steine?<\/p>\n<p><strong>Wie wurden die Ger\u00f6lle gefunden?<\/strong> Beim Bau einer Wasserleitung zwischen den Orten Altenbeken und Neuenbeken fand man bei Baggerarbeiten und bei der Erforschung einer Karsth\u00f6hle den letzten Jahren im Beke- und im Ellerbachtal ungew\u00f6hnlich gro\u00dfe Ger\u00f6lle, die die \u00fcblichen Korngr\u00f6\u00dfen der Bachablagerungen um ein Vielfaches \u00fcbersteigen. Insbesondere handelt es sich dabei um rundliche bis kantengerundete Bl\u00f6cke aus br\u00e4unlich-gelbem Sandstein der Osning-Formation. Derartige Ger\u00f6lle wurden bisher in den T\u00e4lern von Beke und Ellerbach in wissenschaftlichen Publikationen noch nicht erw\u00e4hnt.<\/p>\n<p><strong>Hintergrund:<\/strong> Die Paderborner Hochfl\u00e4che und das Eggegebirge stellen eine Schichtstufenlandschaft aus Ablagerungen der Unter- und Oberkreide dar. Sie wird von Osten nach Westen von den T\u00e4lern der Beke und des Ellerbachs durchzogen. In diesen T\u00e4lern finden sich vor allem grobe Terrassen-Schotter der Weichsel-Zeit. In den letzten Jahren wurden im Beke- und im Ellerbachtal ungew\u00f6hnlich gro\u00dfe Ger\u00f6lle entdeckt. Es handelt sich dabei \u00fcberwiegend um Bl\u00f6cke aus \u201eOsning-Sandstein\u201c, der im Kammbereich des Eggegebirges ansteht.<\/p>\n<p>Die Blocklagen werden als Ablagerungen aus extremen Oberfl\u00e4chenabfl\u00fcssen gedeutet, die sich im Verlauf&nbsp; eines schweren Unwetters bildeten. Aufgrund der Situation im Beketal l\u00e4sst sich das Ereignis in die ausgehende Weichsel-Zeit beziehungsweise auf den Beginn des Aller\u00f6d-Interstadials (13 300 \u2013 12 700 J. v. h.) datieren. In der heutigen Zeit w\u00fcrde das Hochwasser den Katastrophenfall ausgel\u00f6st haben. Es h\u00e4tte im Bereich der Beke und des Ellerbachs gewaltige Zerst\u00f6rungen hervorgerufen und sehr viele Menschenleben gekostet. Die Entstehungsgeschichte der Blocklagen hat somit nicht nur einen erdgeschichtlichen und fr\u00fchgeschichtlichen Aspekt, sondern ist auch f\u00fcr die Beurteilung der aktuellen Situation von&nbsp; Bedeutung. &nbsp;&nbsp;&nbsp;<\/p>\n<p><strong>Der Vortragende, Dipl. Geologe Dr. Eckhard Speetzen, war bis 2006 als Akademischer Oberrat am Geologisch-Pal\u00e4ontologischen Institut der Westf\u00e4lischen Wilhelms-Universit\u00e4t M\u00fcnster besch\u00e4ftigt. &nbsp; Er ver\u00f6ffentlichte zahlreiche Arbeiten u.a. zum Osning-Sandstein und zur Vereisungsgeschichte (Eiszeit) im hiesigen Raum.<\/strong><\/p>\n<p>&nbsp;<\/p>\n<p>Fotos: Kurt Blaschke<\/p>\n<p><img decoding=\"async\" loading=\"lazy\" class=\"alignnone size-full wp-image-2560\" src=\"https:\/\/www.hgv-altenbeken.de\/wp\/wp-content\/uploads\/2023\/03\/01.jpg\" alt=\"\" width=\"800\" height=\"450\" srcset=\"https:\/\/www.hgv-altenbeken.de\/wp\/wp-content\/uploads\/2023\/03\/01.jpg 800w, https:\/\/www.hgv-altenbeken.de\/wp\/wp-content\/uploads\/2023\/03\/01-300x169.jpg 300w, https:\/\/www.hgv-altenbeken.de\/wp\/wp-content\/uploads\/2023\/03\/01-768x432.jpg 768w\" sizes=\"(max-width: 767px) 89vw, (max-width: 1000px) 54vw, (max-width: 1071px) 543px, 580px\" \/> <img decoding=\"async\" loading=\"lazy\" class=\"alignnone size-full wp-image-2561\" src=\"https:\/\/www.hgv-altenbeken.de\/wp\/wp-content\/uploads\/2023\/03\/02.jpg\" alt=\"\" width=\"800\" height=\"450\" srcset=\"https:\/\/www.hgv-altenbeken.de\/wp\/wp-content\/uploads\/2023\/03\/02.jpg 800w, https:\/\/www.hgv-altenbeken.de\/wp\/wp-content\/uploads\/2023\/03\/02-300x169.jpg 300w, https:\/\/www.hgv-altenbeken.de\/wp\/wp-content\/uploads\/2023\/03\/02-768x432.jpg 768w\" sizes=\"(max-width: 767px) 89vw, (max-width: 1000px) 54vw, (max-width: 1071px) 543px, 580px\" \/> <img decoding=\"async\" loading=\"lazy\" class=\"alignnone size-full wp-image-2562\" src=\"https:\/\/www.hgv-altenbeken.de\/wp\/wp-content\/uploads\/2023\/03\/03.jpg\" alt=\"\" width=\"800\" height=\"450\" srcset=\"https:\/\/www.hgv-altenbeken.de\/wp\/wp-content\/uploads\/2023\/03\/03.jpg 800w, https:\/\/www.hgv-altenbeken.de\/wp\/wp-content\/uploads\/2023\/03\/03-300x169.jpg 300w, https:\/\/www.hgv-altenbeken.de\/wp\/wp-content\/uploads\/2023\/03\/03-768x432.jpg 768w\" sizes=\"(max-width: 767px) 89vw, (max-width: 1000px) 54vw, (max-width: 1071px) 543px, 580px\" \/> <img decoding=\"async\" loading=\"lazy\" class=\"alignnone size-full wp-image-2563\" src=\"https:\/\/www.hgv-altenbeken.de\/wp\/wp-content\/uploads\/2023\/03\/04.jpg\" alt=\"\" width=\"800\" height=\"450\" srcset=\"https:\/\/www.hgv-altenbeken.de\/wp\/wp-content\/uploads\/2023\/03\/04.jpg 800w, https:\/\/www.hgv-altenbeken.de\/wp\/wp-content\/uploads\/2023\/03\/04-300x169.jpg 300w, https:\/\/www.hgv-altenbeken.de\/wp\/wp-content\/uploads\/2023\/03\/04-768x432.jpg 768w\" sizes=\"(max-width: 767px) 89vw, (max-width: 1000px) 54vw, (max-width: 1071px) 543px, 580px\" \/> <img decoding=\"async\" loading=\"lazy\" class=\"alignnone size-full wp-image-2564\" src=\"https:\/\/www.hgv-altenbeken.de\/wp\/wp-content\/uploads\/2023\/03\/05.jpg\" alt=\"\" width=\"800\" height=\"450\" srcset=\"https:\/\/www.hgv-altenbeken.de\/wp\/wp-content\/uploads\/2023\/03\/05.jpg 800w, https:\/\/www.hgv-altenbeken.de\/wp\/wp-content\/uploads\/2023\/03\/05-300x169.jpg 300w, https:\/\/www.hgv-altenbeken.de\/wp\/wp-content\/uploads\/2023\/03\/05-768x432.jpg 768w\" sizes=\"(max-width: 767px) 89vw, (max-width: 1000px) 54vw, (max-width: 1071px) 543px, 580px\" \/> <img decoding=\"async\" loading=\"lazy\" class=\"alignnone size-full wp-image-2565\" src=\"https:\/\/www.hgv-altenbeken.de\/wp\/wp-content\/uploads\/2023\/03\/06.jpg\" alt=\"\" width=\"800\" height=\"450\" srcset=\"https:\/\/www.hgv-altenbeken.de\/wp\/wp-content\/uploads\/2023\/03\/06.jpg 800w, https:\/\/www.hgv-altenbeken.de\/wp\/wp-content\/uploads\/2023\/03\/06-300x169.jpg 300w, https:\/\/www.hgv-altenbeken.de\/wp\/wp-content\/uploads\/2023\/03\/06-768x432.jpg 768w\" sizes=\"(max-width: 767px) 89vw, (max-width: 1000px) 54vw, (max-width: 1071px) 543px, 580px\" \/> <img decoding=\"async\" loading=\"lazy\" class=\"alignnone size-full wp-image-2566\" src=\"https:\/\/www.hgv-altenbeken.de\/wp\/wp-content\/uploads\/2023\/03\/07.jpg\" alt=\"\" width=\"800\" height=\"450\" srcset=\"https:\/\/www.hgv-altenbeken.de\/wp\/wp-content\/uploads\/2023\/03\/07.jpg 800w, https:\/\/www.hgv-altenbeken.de\/wp\/wp-content\/uploads\/2023\/03\/07-300x169.jpg 300w, https:\/\/www.hgv-altenbeken.de\/wp\/wp-content\/uploads\/2023\/03\/07-768x432.jpg 768w\" sizes=\"(max-width: 767px) 89vw, (max-width: 1000px) 54vw, (max-width: 1071px) 543px, 580px\" \/> <img decoding=\"async\" loading=\"lazy\" class=\"alignnone size-full wp-image-2567\" src=\"https:\/\/www.hgv-altenbeken.de\/wp\/wp-content\/uploads\/2023\/03\/08.jpg\" alt=\"\" width=\"800\" height=\"450\" srcset=\"https:\/\/www.hgv-altenbeken.de\/wp\/wp-content\/uploads\/2023\/03\/08.jpg 800w, https:\/\/www.hgv-altenbeken.de\/wp\/wp-content\/uploads\/2023\/03\/08-300x169.jpg 300w, https:\/\/www.hgv-altenbeken.de\/wp\/wp-content\/uploads\/2023\/03\/08-768x432.jpg 768w\" sizes=\"(max-width: 767px) 89vw, (max-width: 1000px) 54vw, (max-width: 1071px) 543px, 580px\" \/> <img decoding=\"async\" loading=\"lazy\" class=\"alignnone size-full wp-image-2568\" src=\"https:\/\/www.hgv-altenbeken.de\/wp\/wp-content\/uploads\/2023\/03\/09.jpg\" alt=\"\" width=\"800\" height=\"647\" srcset=\"https:\/\/www.hgv-altenbeken.de\/wp\/wp-content\/uploads\/2023\/03\/09.jpg 800w, https:\/\/www.hgv-altenbeken.de\/wp\/wp-content\/uploads\/2023\/03\/09-300x243.jpg 300w, https:\/\/www.hgv-altenbeken.de\/wp\/wp-content\/uploads\/2023\/03\/09-768x621.jpg 768w\" sizes=\"(max-width: 767px) 89vw, (max-width: 1000px) 54vw, (max-width: 1071px) 543px, 580px\" \/> <img decoding=\"async\" loading=\"lazy\" class=\"alignnone size-full wp-image-2569\" src=\"https:\/\/www.hgv-altenbeken.de\/wp\/wp-content\/uploads\/2023\/03\/10.jpg\" alt=\"\" width=\"800\" height=\"450\" srcset=\"https:\/\/www.hgv-altenbeken.de\/wp\/wp-content\/uploads\/2023\/03\/10.jpg 800w, https:\/\/www.hgv-altenbeken.de\/wp\/wp-content\/uploads\/2023\/03\/10-300x169.jpg 300w, https:\/\/www.hgv-altenbeken.de\/wp\/wp-content\/uploads\/2023\/03\/10-768x432.jpg 768w\" sizes=\"(max-width: 767px) 89vw, (max-width: 1000px) 54vw, (max-width: 1071px) 543px, 580px\" \/> <img decoding=\"async\" loading=\"lazy\" class=\"alignnone size-full wp-image-2570\" src=\"https:\/\/www.hgv-altenbeken.de\/wp\/wp-content\/uploads\/2023\/03\/11.jpg\" alt=\"\" width=\"800\" height=\"1200\" srcset=\"https:\/\/www.hgv-altenbeken.de\/wp\/wp-content\/uploads\/2023\/03\/11.jpg 800w, https:\/\/www.hgv-altenbeken.de\/wp\/wp-content\/uploads\/2023\/03\/11-200x300.jpg 200w, https:\/\/www.hgv-altenbeken.de\/wp\/wp-content\/uploads\/2023\/03\/11-683x1024.jpg 683w, https:\/\/www.hgv-altenbeken.de\/wp\/wp-content\/uploads\/2023\/03\/11-768x1152.jpg 768w\" sizes=\"(max-width: 767px) 89vw, (max-width: 1000px) 54vw, (max-width: 1071px) 543px, 580px\" \/> <img decoding=\"async\" loading=\"lazy\" class=\"alignnone size-full wp-image-2571\" src=\"https:\/\/www.hgv-altenbeken.de\/wp\/wp-content\/uploads\/2023\/03\/12.jpg\" alt=\"\" width=\"800\" height=\"523\" srcset=\"https:\/\/www.hgv-altenbeken.de\/wp\/wp-content\/uploads\/2023\/03\/12.jpg 800w, https:\/\/www.hgv-altenbeken.de\/wp\/wp-content\/uploads\/2023\/03\/12-300x196.jpg 300w, https:\/\/www.hgv-altenbeken.de\/wp\/wp-content\/uploads\/2023\/03\/12-768x502.jpg 768w\" sizes=\"(max-width: 767px) 89vw, (max-width: 1000px) 54vw, (max-width: 1071px) 543px, 580px\" \/> <img decoding=\"async\" loading=\"lazy\" class=\"alignnone size-full wp-image-2572\" src=\"https:\/\/www.hgv-altenbeken.de\/wp\/wp-content\/uploads\/2023\/03\/13.jpg\" alt=\"\" width=\"800\" height=\"450\" srcset=\"https:\/\/www.hgv-altenbeken.de\/wp\/wp-content\/uploads\/2023\/03\/13.jpg 800w, https:\/\/www.hgv-altenbeken.de\/wp\/wp-content\/uploads\/2023\/03\/13-300x169.jpg 300w, https:\/\/www.hgv-altenbeken.de\/wp\/wp-content\/uploads\/2023\/03\/13-768x432.jpg 768w\" sizes=\"(max-width: 767px) 89vw, (max-width: 1000px) 54vw, (max-width: 1071px) 543px, 580px\" \/> <img decoding=\"async\" loading=\"lazy\" class=\"alignnone size-full wp-image-2573\" src=\"https:\/\/www.hgv-altenbeken.de\/wp\/wp-content\/uploads\/2023\/03\/14.jpg\" alt=\"\" width=\"800\" height=\"450\" srcset=\"https:\/\/www.hgv-altenbeken.de\/wp\/wp-content\/uploads\/2023\/03\/14.jpg 800w, https:\/\/www.hgv-altenbeken.de\/wp\/wp-content\/uploads\/2023\/03\/14-300x169.jpg 300w, https:\/\/www.hgv-altenbeken.de\/wp\/wp-content\/uploads\/2023\/03\/14-768x432.jpg 768w\" sizes=\"(max-width: 767px) 89vw, (max-width: 1000px) 54vw, (max-width: 1071px) 543px, 580px\" \/> <img decoding=\"async\" loading=\"lazy\" class=\"alignnone size-full wp-image-2574\" src=\"https:\/\/www.hgv-altenbeken.de\/wp\/wp-content\/uploads\/2023\/03\/15.jpg\" alt=\"\" width=\"800\" height=\"450\" srcset=\"https:\/\/www.hgv-altenbeken.de\/wp\/wp-content\/uploads\/2023\/03\/15.jpg 800w, https:\/\/www.hgv-altenbeken.de\/wp\/wp-content\/uploads\/2023\/03\/15-300x169.jpg 300w, https:\/\/www.hgv-altenbeken.de\/wp\/wp-content\/uploads\/2023\/03\/15-768x432.jpg 768w\" sizes=\"(max-width: 767px) 89vw, (max-width: 1000px) 54vw, (max-width: 1071px) 543px, 580px\" \/> <img decoding=\"async\" loading=\"lazy\" class=\"alignnone size-full wp-image-2575\" src=\"https:\/\/www.hgv-altenbeken.de\/wp\/wp-content\/uploads\/2023\/03\/16.jpg\" alt=\"\" width=\"800\" height=\"450\" srcset=\"https:\/\/www.hgv-altenbeken.de\/wp\/wp-content\/uploads\/2023\/03\/16.jpg 800w, https:\/\/www.hgv-altenbeken.de\/wp\/wp-content\/uploads\/2023\/03\/16-300x169.jpg 300w, https:\/\/www.hgv-altenbeken.de\/wp\/wp-content\/uploads\/2023\/03\/16-768x432.jpg 768w\" sizes=\"(max-width: 767px) 89vw, (max-width: 1000px) 54vw, (max-width: 1071px) 543px, 580px\" \/> <img decoding=\"async\" loading=\"lazy\" class=\"alignnone size-full wp-image-2576\" src=\"https:\/\/www.hgv-altenbeken.de\/wp\/wp-content\/uploads\/2023\/03\/17.jpg\" alt=\"\" width=\"800\" height=\"450\" srcset=\"https:\/\/www.hgv-altenbeken.de\/wp\/wp-content\/uploads\/2023\/03\/17.jpg 800w, https:\/\/www.hgv-altenbeken.de\/wp\/wp-content\/uploads\/2023\/03\/17-300x169.jpg 300w, https:\/\/www.hgv-altenbeken.de\/wp\/wp-content\/uploads\/2023\/03\/17-768x432.jpg 768w\" sizes=\"(max-width: 767px) 89vw, (max-width: 1000px) 54vw, (max-width: 1071px) 543px, 580px\" \/> <img decoding=\"async\" loading=\"lazy\" class=\"alignnone size-full wp-image-2577\" src=\"https:\/\/www.hgv-altenbeken.de\/wp\/wp-content\/uploads\/2023\/03\/18.jpg\" alt=\"\" width=\"800\" height=\"450\" srcset=\"https:\/\/www.hgv-altenbeken.de\/wp\/wp-content\/uploads\/2023\/03\/18.jpg 800w, https:\/\/www.hgv-altenbeken.de\/wp\/wp-content\/uploads\/2023\/03\/18-300x169.jpg 300w, https:\/\/www.hgv-altenbeken.de\/wp\/wp-content\/uploads\/2023\/03\/18-768x432.jpg 768w\" sizes=\"(max-width: 767px) 89vw, (max-width: 1000px) 54vw, (max-width: 1071px) 543px, 580px\" \/><\/p>\n<p>&nbsp;<\/p>\n","protected":false},"excerpt":{"rendered":"<p>Geologischer Vortrag von Dr. Eckhard Speetzen &nbsp; Der Vortrag bringt v\u00f6llig&nbsp; neue Erkenntnisse zu diesen Findlingen und Ger\u00f6llen, die aufgrund einer Naturkathastrophe die vor \u00fcber 10.000 Jahren stattfand \u00fcber der Kamm des Eggegebirges in die beiden Bacht\u00e4ler geschwemmt wurden. Nur durch den Fund dieser Steine konnte Herr Dr. Speetzen (Dipl. Geologe) die \u00dcberschwemmung nachweisen. Um &hellip; <\/p>\n<p class=\"link-more\"><a href=\"https:\/\/www.hgv-altenbeken.de\/wp\/aktuelles\/geologischer-vortrag-von-dr-eckhard-speetzen\/\" class=\"more-link\"><span class=\"screen-reader-text\">\u201e2023-03-26\u201c<\/span> weiterlesen<\/a><\/p>\n","protected":false},"author":1,"featured_media":0,"parent":1896,"menu_order":0,"comment_status":"closed","ping_status":"closed","template":"","meta":{"ngg_post_thumbnail":0,"footnotes":""},"_links":{"self":[{"href":"https:\/\/www.hgv-altenbeken.de\/wp\/wp-json\/wp\/v2\/pages\/2541"}],"collection":[{"href":"https:\/\/www.hgv-altenbeken.de\/wp\/wp-json\/wp\/v2\/pages"}],"about":[{"href":"https:\/\/www.hgv-altenbeken.de\/wp\/wp-json\/wp\/v2\/types\/page"}],"author":[{"embeddable":true,"href":"https:\/\/www.hgv-altenbeken.de\/wp\/wp-json\/wp\/v2\/users\/1"}],"replies":[{"embeddable":true,"href":"https:\/\/www.hgv-altenbeken.de\/wp\/wp-json\/wp\/v2\/comments?post=2541"}],"version-history":[{"count":6,"href":"https:\/\/www.hgv-altenbeken.de\/wp\/wp-json\/wp\/v2\/pages\/2541\/revisions"}],"predecessor-version":[{"id":2578,"href":"https:\/\/www.hgv-altenbeken.de\/wp\/wp-json\/wp\/v2\/pages\/2541\/revisions\/2578"}],"up":[{"embeddable":true,"href":"https:\/\/www.hgv-altenbeken.de\/wp\/wp-json\/wp\/v2\/pages\/1896"}],"wp:attachment":[{"href":"https:\/\/www.hgv-altenbeken.de\/wp\/wp-json\/wp\/v2\/media?parent=2541"}],"curies":[{"name":"wp","href":"https:\/\/api.w.org\/{rel}","templated":true}]}}