{"id":2964,"date":"2024-04-03T17:09:07","date_gmt":"2024-04-03T16:09:07","guid":{"rendered":"https:\/\/www.hgv-altenbeken.de\/wp\/?page_id=2964"},"modified":"2024-04-21T16:24:04","modified_gmt":"2024-04-21T15:24:04","slug":"2024-04-14","status":"publish","type":"page","link":"https:\/\/www.hgv-altenbeken.de\/wp\/aktivitaeten\/veranstaltungen-2024\/2024-04-14\/","title":{"rendered":"2024-04-14"},"content":{"rendered":"<h2>Fr\u00fchjahrsexkursion am 16.04.2024<\/h2>\n<p>Gef\u00fchrte Wanderung von und mit Michael Bieling<\/p>\n<p><a href=\"https:\/\/www.hgv-altenbeken.de\/wp\/wp-content\/uploads\/2024\/04\/2024-04-14-Fruehjahrsexkursion.pdf\" target=\"_blank\" rel=\"noopener\">Ausarbeitung der Exkursion<\/a><\/p>\n<p>&nbsp;<\/p>\n<p>&nbsp;<\/p>\n<p>&nbsp;<\/p>\n<h2>Ank\u00fcndigung unserer Fr\u00fchjahrsexkursion f\u00fcr Sonntag, 14. April 2024<\/h2>\n<p>&nbsp;<\/p>\n<p>Wie es f\u00fcr unseren Verein eine sch\u00f6ne Tradition ist, laden wir Euch herzlich zu unserer Fr\u00fchjahrsexkursion am 14. April 2024 ein. Unser Exkursionsleiter Michael Bieling leitet die Exkursion durch den Driburger Grund und die Ziegentalsgr\u00fcnde.<\/p>\n<p><strong>Treffpunkt der Exkursion durch den Fr\u00fchlingswald ist um 12:30 Uhr auf dem Parkplatz im Driburger Grund bei der Freizeitanlage in Altenbeken. <\/strong><\/p>\n<p>Auf dem Weg bis zur Knochenh\u00fctte entdecken wir ehemalige Erzabbaust\u00e4tten und Glash\u00fctten. An der Knochenh\u00fctte machen wir eine kurze Rast und genie\u00dfen die einzigartige Fernsicht dieser Insel mitten im Wald.<\/p>\n<p>Durch den Schnadegrund und die \u00f6stlich des Eggekammes gelegenen Ziegentalsgr\u00fcnde gelangen wir zur Hirschh\u00f6hle (Erdfall) und zu einem in der N\u00e4he liegenden ehemaligen Kalkofen. Vorbei an Pingen und Halden erreichen wir den Scholandstein. \u00dcber den Eisensteinweg kommen wir zur\u00fcck in den Driburger Grund. Der Rundweg ist 7,5 km lang. Bei einer reinen Gehzeit von 2,5 Stunden dauert die Exkursion insgesamt etwa 3,5 Stunden. so dass die R\u00fcckkehr am Startpunkt um 16:00 Uhr sein wird.<\/p>\n<p>\u00dcber eine rege Teilnahme freuen wir uns!<\/p>\n<p>Viele Gr\u00fc\u00dfe<br \/>\nEuer Vorstand<\/p>\n","protected":false},"excerpt":{"rendered":"<p>Fr\u00fchjahrsexkursion am 16.04.2024 Gef\u00fchrte Wanderung von und mit Michael Bieling Ausarbeitung der Exkursion &nbsp; &nbsp; &nbsp; Ank\u00fcndigung unserer Fr\u00fchjahrsexkursion f\u00fcr Sonntag, 14. April 2024 &nbsp; Wie es f\u00fcr unseren Verein eine sch\u00f6ne Tradition ist, laden wir Euch herzlich zu unserer Fr\u00fchjahrsexkursion am 14. April 2024 ein. Unser Exkursionsleiter Michael Bieling leitet die Exkursion durch den &hellip; <\/p>\n<p class=\"link-more\"><a href=\"https:\/\/www.hgv-altenbeken.de\/wp\/aktivitaeten\/veranstaltungen-2024\/2024-04-14\/\" class=\"more-link\"><span class=\"screen-reader-text\">\u201e2024-04-14\u201c<\/span> weiterlesen<\/a><\/p>\n","protected":false},"author":1,"featured_media":0,"parent":2912,"menu_order":0,"comment_status":"closed","ping_status":"closed","template":"","meta":{"ngg_post_thumbnail":0,"footnotes":""},"_links":{"self":[{"href":"https:\/\/www.hgv-altenbeken.de\/wp\/wp-json\/wp\/v2\/pages\/2964"}],"collection":[{"href":"https:\/\/www.hgv-altenbeken.de\/wp\/wp-json\/wp\/v2\/pages"}],"about":[{"href":"https:\/\/www.hgv-altenbeken.de\/wp\/wp-json\/wp\/v2\/types\/page"}],"author":[{"embeddable":true,"href":"https:\/\/www.hgv-altenbeken.de\/wp\/wp-json\/wp\/v2\/users\/1"}],"replies":[{"embeddable":true,"href":"https:\/\/www.hgv-altenbeken.de\/wp\/wp-json\/wp\/v2\/comments?post=2964"}],"version-history":[{"count":5,"href":"https:\/\/www.hgv-altenbeken.de\/wp\/wp-json\/wp\/v2\/pages\/2964\/revisions"}],"predecessor-version":[{"id":2985,"href":"https:\/\/www.hgv-altenbeken.de\/wp\/wp-json\/wp\/v2\/pages\/2964\/revisions\/2985"}],"up":[{"embeddable":true,"href":"https:\/\/www.hgv-altenbeken.de\/wp\/wp-json\/wp\/v2\/pages\/2912"}],"wp:attachment":[{"href":"https:\/\/www.hgv-altenbeken.de\/wp\/wp-json\/wp\/v2\/media?parent=2964"}],"curies":[{"name":"wp","href":"https:\/\/api.w.org\/{rel}","templated":true}]}}