{"id":472,"date":"2020-03-15T14:28:46","date_gmt":"2020-03-15T13:28:46","guid":{"rendered":"https:\/\/www.hgv-altenbeken.de\/wp\/?page_id=472"},"modified":"2020-03-22T14:31:29","modified_gmt":"2020-03-22T13:31:29","slug":"2016-04-17","status":"publish","type":"page","link":"https:\/\/www.hgv-altenbeken.de\/wp\/aktivitaeten\/veranstaltungen-2016\/2016-04-17\/","title":{"rendered":"2016-04-17"},"content":{"rendered":"<h2 align=\"center\">Exkursion zur Burganlage Deiernacken im Dunetal &#8211; 17.04.2016<\/h2>\n<p style=\"text-align: center;\">Niemand ist so uninteressant wie ein Mensch ohne Interesse<\/p>\n<p>Das Zitat von John Brown (1800-1859) war das Motto der Exkursion des HGV am Sonntag, dem 17. April.<\/p>\n<p>40 Teilnehmer waren daran interessiert, das Dunetal mit seinen Besonderheiten kennen zu lernen. Prof. Wichert, der 1. Vorsitzende des HGV, begr\u00fc\u00dfte die Gruppe herzlich und bedankte sich f\u00fcr das zahlreiche Erscheinen.<\/p>\n<p>Gleich zu Anfang das erste Highlight: der Kleine Viadukt. Exkursionsleiter Michael Bieling berichtete von den Zerst\u00f6rungen des Viadukts im 2. Weltkrieg &#8211; verst\u00e4ndlich und anschaulich, wie auch bei allen restlichen Programmpunkten des Nachmittags.<\/p>\n<p>Weiter ging es zur Aussichtsplattform auf dem Parnacken. \u201eParnacken bedeutet so viel wie unbewaldeter Berg, so wie \u201emit barem Haupt!&#8220;, erkl\u00e4rte Michael Bieling. Der Berg trug demnach in der Vergangenheit seinen Namen zu recht. Die Gruppe lernte auch, dass der Paderborner H\u00f6henweg am Westhang der Dune auf der millionenalten Lamarckischicht der Kreidezeit verl\u00e4uft und das das Tethysmeer einst unsere Region bedeckte.<\/p>\n<p>Vorbei am Stinkenden Nieswurz und dem seltenen T\u00fcpfelfarn ging es dann zum eigentlichen H\u00f6hepunkt der Exkursion: den Burgresten auf dem Deiernacken.<\/p>\n<p>Hier berichtete Prof. Wichert von seinen Ausgrabungen und Funden auf dem ehemaligen Burggel\u00e4nde nahe der W\u00fcstung Brokhusen. Im ehemaligen Burggraben wurde vor 40 Jahren der Masten eines Skilifts errichtet. Vieles bleibt r\u00e4tselhaft zu der Burganlage aus dem 12. bzw. 13. Jahrhundert. Ob H\u00fcnenburg oder H\u00fcnschenburg, ob Eigentum der Ritter von Driburg oder auch nicht- eindeutige Quellen fehlen. Doch auf eine bildliche Darstellungen der Burg brauchte die Gruppe nicht zu verzichten: Hobbymaler Michael Bieling hatte kurzerhand mit einem Aquarell der Burg eine Gestalt gegeben.<\/p>\n<p><img decoding=\"async\" loading=\"lazy\" class=\"size-full wp-image-490 aligncenter\" src=\"https:\/\/www.hgv-altenbeken.de\/wp\/wp-content\/uploads\/2020\/03\/Exkursion_2016-04-17_01.jpg\" alt=\"\" width=\"250\" height=\"295\" \/><\/p>\n<p>Beim Dunewirt Ernesti, dem Eigent\u00fcmer des Burggel\u00e4ndes, klang der Nachmittag gem\u00fctlich aus. \u201eWir bedanken uns f\u00fcr diese ausgesprochen interessante und gut recherchierte Exkursion. Michael Bieling ein herzliches Dankesch\u00f6n! Das war wirklich au\u00dferordentlich gut!&#8220;, sagte ein Teilnehmer und die anderen pflichteten ihm mit Beifall bei.<\/p>\n<figure id=\"attachment_491\" aria-describedby=\"caption-attachment-491\" style=\"width: 600px\" class=\"wp-caption alignnone\"><img decoding=\"async\" loading=\"lazy\" class=\"size-full wp-image-491\" src=\"https:\/\/www.hgv-altenbeken.de\/wp\/wp-content\/uploads\/2020\/03\/Exkursion_2016-04-17_02.jpg\" alt=\"\" width=\"600\" height=\"268\" srcset=\"https:\/\/www.hgv-altenbeken.de\/wp\/wp-content\/uploads\/2020\/03\/Exkursion_2016-04-17_02.jpg 600w, https:\/\/www.hgv-altenbeken.de\/wp\/wp-content\/uploads\/2020\/03\/Exkursion_2016-04-17_02-300x134.jpg 300w\" sizes=\"(max-width: 600px) 100vw, 600px\" \/><figcaption id=\"caption-attachment-491\" class=\"wp-caption-text\">Gruppenbild der Exkursionsteilnehmer, Foto: Michael Bieling<\/figcaption><\/figure>\n","protected":false},"excerpt":{"rendered":"<p>Exkursion zur Burganlage Deiernacken im Dunetal &#8211; 17.04.2016 Niemand ist so uninteressant wie ein Mensch ohne Interesse Das Zitat von John Brown (1800-1859) war das Motto der Exkursion des HGV am Sonntag, dem 17. April. 40 Teilnehmer waren daran interessiert, das Dunetal mit seinen Besonderheiten kennen zu lernen. Prof. Wichert, der 1. Vorsitzende des HGV, &hellip; <\/p>\n<p class=\"link-more\"><a href=\"https:\/\/www.hgv-altenbeken.de\/wp\/aktivitaeten\/veranstaltungen-2016\/2016-04-17\/\" class=\"more-link\"><span class=\"screen-reader-text\">\u201e2016-04-17\u201c<\/span> weiterlesen<\/a><\/p>\n","protected":false},"author":1,"featured_media":0,"parent":470,"menu_order":0,"comment_status":"closed","ping_status":"closed","template":"","meta":{"ngg_post_thumbnail":0,"footnotes":""},"_links":{"self":[{"href":"https:\/\/www.hgv-altenbeken.de\/wp\/wp-json\/wp\/v2\/pages\/472"}],"collection":[{"href":"https:\/\/www.hgv-altenbeken.de\/wp\/wp-json\/wp\/v2\/pages"}],"about":[{"href":"https:\/\/www.hgv-altenbeken.de\/wp\/wp-json\/wp\/v2\/types\/page"}],"author":[{"embeddable":true,"href":"https:\/\/www.hgv-altenbeken.de\/wp\/wp-json\/wp\/v2\/users\/1"}],"replies":[{"embeddable":true,"href":"https:\/\/www.hgv-altenbeken.de\/wp\/wp-json\/wp\/v2\/comments?post=472"}],"version-history":[{"count":5,"href":"https:\/\/www.hgv-altenbeken.de\/wp\/wp-json\/wp\/v2\/pages\/472\/revisions"}],"predecessor-version":[{"id":1246,"href":"https:\/\/www.hgv-altenbeken.de\/wp\/wp-json\/wp\/v2\/pages\/472\/revisions\/1246"}],"up":[{"embeddable":true,"href":"https:\/\/www.hgv-altenbeken.de\/wp\/wp-json\/wp\/v2\/pages\/470"}],"wp:attachment":[{"href":"https:\/\/www.hgv-altenbeken.de\/wp\/wp-json\/wp\/v2\/media?parent=472"}],"curies":[{"name":"wp","href":"https:\/\/api.w.org\/{rel}","templated":true}]}}