{"id":487,"date":"2020-03-15T14:40:52","date_gmt":"2020-03-15T13:40:52","guid":{"rendered":"https:\/\/www.hgv-altenbeken.de\/wp\/?page_id=487"},"modified":"2020-03-15T15:44:45","modified_gmt":"2020-03-15T14:44:45","slug":"2016-09-25","status":"publish","type":"page","link":"https:\/\/www.hgv-altenbeken.de\/wp\/aktivitaeten\/veranstaltungen-2016\/2016-09-25\/","title":{"rendered":"2016-09-25"},"content":{"rendered":"<h2>Herbstexkursion &#8211; von Raketen, Glash\u00fctten und W\u00fcstungen<\/h2>\n<p>\u00dcber Stock und Stein verlief die Herbstexkursion des Heimat- und Geschichtsvereins Altenbeken am sonnigen Sonntag, dem 25. September, an der Gemeindegrenze Altenbeken\/ Bad Driburg\/Neuenheerse auf dem Eggekamm. Etwa 30 Interessierte aus Altenbeken, Buke, Schwaney und Paderborn hatten sich eingefunden, um mehr \u00fcber Spuren j\u00fcngerer und \u00e4lterer Geschichte im Eggewald zu erfahren. Ein Teilnehmer war dazu sogar extra aus M\u00fcnster angereist und freute sich auf ein Wiedersehen mit alten Jugendfreunden.<\/p>\n<p>Exkursionsleiter Michael Bieling f\u00fchrte die Gruppe zun\u00e4chst zum ehemaligen Raketenst\u00fctzpunkt der Nato auf der Hausheide &#8211; heute ein Eldorado f\u00fcr Magerrasenflora \u2013 zu Bombentrichtern aus dem 2. Weltkrieg, Erdf\u00e4llen, Glash\u00fctten und Relikten alter Geh\u00f6fte. Michael Bieling hatte sie in den eindrucksvollen W\u00e4ldern der Egge aufgesp\u00fcrt und berichtete anschaulich \u00fcber deren Historie und Geologie.<\/p>\n<p>Erinnert wurde auch an das Verbrechen im Forsthaus Klusweide, wo nach Kriegsende fast s\u00e4mtliche Bewohner ermordet wurden. Heute ist der sonst nicht zug\u00e4ngliche Platz ein friedliches Idyll mit Katharinenbrunnen und alten Apfelb\u00e4umen. In der Gastst\u00e4tte Eggekrug gab es abschlie\u00dfend ein gem\u00fctliches Kaffeetrinken. In der Natur gibt es viele verborgene Orte der Erinnerung, deren Geschichte nicht vergessen werden sollte, da waren sich die Teilnehmer einig.<\/p>\n<div id='gallery-1' class='gallery galleryid-487 gallery-columns-3 gallery-size-full'><figure class='gallery-item'>\n\t\t\t<div class='gallery-icon landscape'>\n\t\t\t\t<a href='https:\/\/www.hgv-altenbeken.de\/wp\/wp-content\/uploads\/2020\/03\/Exkursion_2016-09-25_01.jpg'><img width=\"600\" height=\"400\" src=\"https:\/\/www.hgv-altenbeken.de\/wp\/wp-content\/uploads\/2020\/03\/Exkursion_2016-09-25_01.jpg\" class=\"attachment-full size-full\" alt=\"\" decoding=\"async\" loading=\"lazy\" srcset=\"https:\/\/www.hgv-altenbeken.de\/wp\/wp-content\/uploads\/2020\/03\/Exkursion_2016-09-25_01.jpg 600w, https:\/\/www.hgv-altenbeken.de\/wp\/wp-content\/uploads\/2020\/03\/Exkursion_2016-09-25_01-300x200.jpg 300w\" sizes=\"100vw\" \/><\/a>\n\t\t\t<\/div><\/figure><figure class='gallery-item'>\n\t\t\t<div class='gallery-icon landscape'>\n\t\t\t\t<a href='https:\/\/www.hgv-altenbeken.de\/wp\/wp-content\/uploads\/2020\/03\/Exkursion_2016-09-25_01-1.jpg'><img width=\"800\" height=\"600\" src=\"https:\/\/www.hgv-altenbeken.de\/wp\/wp-content\/uploads\/2020\/03\/Exkursion_2016-09-25_01-1.jpg\" class=\"attachment-full size-full\" alt=\"\" decoding=\"async\" loading=\"lazy\" srcset=\"https:\/\/www.hgv-altenbeken.de\/wp\/wp-content\/uploads\/2020\/03\/Exkursion_2016-09-25_01-1.jpg 800w, https:\/\/www.hgv-altenbeken.de\/wp\/wp-content\/uploads\/2020\/03\/Exkursion_2016-09-25_01-1-300x225.jpg 300w, https:\/\/www.hgv-altenbeken.de\/wp\/wp-content\/uploads\/2020\/03\/Exkursion_2016-09-25_01-1-768x576.jpg 768w\" sizes=\"100vw\" \/><\/a>\n\t\t\t<\/div><\/figure><figure class='gallery-item'>\n\t\t\t<div class='gallery-icon landscape'>\n\t\t\t\t<a href='https:\/\/www.hgv-altenbeken.de\/wp\/wp-content\/uploads\/2020\/03\/Exkursion_2016-09-25_02.jpg'><img width=\"800\" height=\"600\" src=\"https:\/\/www.hgv-altenbeken.de\/wp\/wp-content\/uploads\/2020\/03\/Exkursion_2016-09-25_02.jpg\" class=\"attachment-full size-full\" alt=\"\" decoding=\"async\" loading=\"lazy\" srcset=\"https:\/\/www.hgv-altenbeken.de\/wp\/wp-content\/uploads\/2020\/03\/Exkursion_2016-09-25_02.jpg 800w, https:\/\/www.hgv-altenbeken.de\/wp\/wp-content\/uploads\/2020\/03\/Exkursion_2016-09-25_02-300x225.jpg 300w, https:\/\/www.hgv-altenbeken.de\/wp\/wp-content\/uploads\/2020\/03\/Exkursion_2016-09-25_02-768x576.jpg 768w\" sizes=\"100vw\" \/><\/a>\n\t\t\t<\/div><\/figure><figure class='gallery-item'>\n\t\t\t<div class='gallery-icon landscape'>\n\t\t\t\t<a href='https:\/\/www.hgv-altenbeken.de\/wp\/wp-content\/uploads\/2020\/03\/Exkursion_2016-09-25_03.jpg'><img width=\"800\" height=\"600\" src=\"https:\/\/www.hgv-altenbeken.de\/wp\/wp-content\/uploads\/2020\/03\/Exkursion_2016-09-25_03.jpg\" class=\"attachment-full size-full\" alt=\"\" decoding=\"async\" loading=\"lazy\" srcset=\"https:\/\/www.hgv-altenbeken.de\/wp\/wp-content\/uploads\/2020\/03\/Exkursion_2016-09-25_03.jpg 800w, https:\/\/www.hgv-altenbeken.de\/wp\/wp-content\/uploads\/2020\/03\/Exkursion_2016-09-25_03-300x225.jpg 300w, https:\/\/www.hgv-altenbeken.de\/wp\/wp-content\/uploads\/2020\/03\/Exkursion_2016-09-25_03-768x576.jpg 768w\" sizes=\"100vw\" \/><\/a>\n\t\t\t<\/div><\/figure><figure class='gallery-item'>\n\t\t\t<div class='gallery-icon landscape'>\n\t\t\t\t<a href='https:\/\/www.hgv-altenbeken.de\/wp\/wp-content\/uploads\/2020\/03\/Exkursion_2016-09-25_04.jpg'><img width=\"800\" height=\"600\" src=\"https:\/\/www.hgv-altenbeken.de\/wp\/wp-content\/uploads\/2020\/03\/Exkursion_2016-09-25_04.jpg\" class=\"attachment-full size-full\" alt=\"\" decoding=\"async\" loading=\"lazy\" srcset=\"https:\/\/www.hgv-altenbeken.de\/wp\/wp-content\/uploads\/2020\/03\/Exkursion_2016-09-25_04.jpg 800w, https:\/\/www.hgv-altenbeken.de\/wp\/wp-content\/uploads\/2020\/03\/Exkursion_2016-09-25_04-300x225.jpg 300w, https:\/\/www.hgv-altenbeken.de\/wp\/wp-content\/uploads\/2020\/03\/Exkursion_2016-09-25_04-768x576.jpg 768w\" sizes=\"100vw\" \/><\/a>\n\t\t\t<\/div><\/figure><figure class='gallery-item'>\n\t\t\t<div class='gallery-icon landscape'>\n\t\t\t\t<a href='https:\/\/www.hgv-altenbeken.de\/wp\/wp-content\/uploads\/2020\/03\/Exkursion_2016-09-25_05.jpg'><img width=\"800\" height=\"600\" src=\"https:\/\/www.hgv-altenbeken.de\/wp\/wp-content\/uploads\/2020\/03\/Exkursion_2016-09-25_05.jpg\" class=\"attachment-full size-full\" alt=\"\" decoding=\"async\" loading=\"lazy\" srcset=\"https:\/\/www.hgv-altenbeken.de\/wp\/wp-content\/uploads\/2020\/03\/Exkursion_2016-09-25_05.jpg 800w, https:\/\/www.hgv-altenbeken.de\/wp\/wp-content\/uploads\/2020\/03\/Exkursion_2016-09-25_05-300x225.jpg 300w, https:\/\/www.hgv-altenbeken.de\/wp\/wp-content\/uploads\/2020\/03\/Exkursion_2016-09-25_05-768x576.jpg 768w\" sizes=\"100vw\" \/><\/a>\n\t\t\t<\/div><\/figure><figure class='gallery-item'>\n\t\t\t<div class='gallery-icon landscape'>\n\t\t\t\t<a href='https:\/\/www.hgv-altenbeken.de\/wp\/wp-content\/uploads\/2020\/03\/Exkursion_2016-09-25_06.jpg'><img width=\"800\" height=\"600\" src=\"https:\/\/www.hgv-altenbeken.de\/wp\/wp-content\/uploads\/2020\/03\/Exkursion_2016-09-25_06.jpg\" class=\"attachment-full size-full\" alt=\"\" decoding=\"async\" loading=\"lazy\" srcset=\"https:\/\/www.hgv-altenbeken.de\/wp\/wp-content\/uploads\/2020\/03\/Exkursion_2016-09-25_06.jpg 800w, https:\/\/www.hgv-altenbeken.de\/wp\/wp-content\/uploads\/2020\/03\/Exkursion_2016-09-25_06-300x225.jpg 300w, https:\/\/www.hgv-altenbeken.de\/wp\/wp-content\/uploads\/2020\/03\/Exkursion_2016-09-25_06-768x576.jpg 768w\" sizes=\"100vw\" \/><\/a>\n\t\t\t<\/div><\/figure><figure class='gallery-item'>\n\t\t\t<div class='gallery-icon landscape'>\n\t\t\t\t<a href='https:\/\/www.hgv-altenbeken.de\/wp\/wp-content\/uploads\/2020\/03\/Exkursion_2016-09-25_07.jpg'><img width=\"800\" height=\"600\" src=\"https:\/\/www.hgv-altenbeken.de\/wp\/wp-content\/uploads\/2020\/03\/Exkursion_2016-09-25_07.jpg\" class=\"attachment-full size-full\" alt=\"\" decoding=\"async\" loading=\"lazy\" srcset=\"https:\/\/www.hgv-altenbeken.de\/wp\/wp-content\/uploads\/2020\/03\/Exkursion_2016-09-25_07.jpg 800w, https:\/\/www.hgv-altenbeken.de\/wp\/wp-content\/uploads\/2020\/03\/Exkursion_2016-09-25_07-300x225.jpg 300w, https:\/\/www.hgv-altenbeken.de\/wp\/wp-content\/uploads\/2020\/03\/Exkursion_2016-09-25_07-768x576.jpg 768w\" sizes=\"100vw\" \/><\/a>\n\t\t\t<\/div><\/figure><figure class='gallery-item'>\n\t\t\t<div class='gallery-icon landscape'>\n\t\t\t\t<a href='https:\/\/www.hgv-altenbeken.de\/wp\/wp-content\/uploads\/2020\/03\/Exkursion_2016-09-25_08.jpg'><img width=\"800\" height=\"600\" src=\"https:\/\/www.hgv-altenbeken.de\/wp\/wp-content\/uploads\/2020\/03\/Exkursion_2016-09-25_08.jpg\" class=\"attachment-full size-full\" alt=\"\" decoding=\"async\" loading=\"lazy\" srcset=\"https:\/\/www.hgv-altenbeken.de\/wp\/wp-content\/uploads\/2020\/03\/Exkursion_2016-09-25_08.jpg 800w, https:\/\/www.hgv-altenbeken.de\/wp\/wp-content\/uploads\/2020\/03\/Exkursion_2016-09-25_08-300x225.jpg 300w, https:\/\/www.hgv-altenbeken.de\/wp\/wp-content\/uploads\/2020\/03\/Exkursion_2016-09-25_08-768x576.jpg 768w\" sizes=\"100vw\" \/><\/a>\n\t\t\t<\/div><\/figure><figure class='gallery-item'>\n\t\t\t<div class='gallery-icon landscape'>\n\t\t\t\t<a href='https:\/\/www.hgv-altenbeken.de\/wp\/wp-content\/uploads\/2020\/03\/Exkursion_2016-09-25_09.jpg'><img width=\"800\" height=\"600\" src=\"https:\/\/www.hgv-altenbeken.de\/wp\/wp-content\/uploads\/2020\/03\/Exkursion_2016-09-25_09.jpg\" class=\"attachment-full size-full\" alt=\"\" decoding=\"async\" loading=\"lazy\" srcset=\"https:\/\/www.hgv-altenbeken.de\/wp\/wp-content\/uploads\/2020\/03\/Exkursion_2016-09-25_09.jpg 800w, https:\/\/www.hgv-altenbeken.de\/wp\/wp-content\/uploads\/2020\/03\/Exkursion_2016-09-25_09-300x225.jpg 300w, https:\/\/www.hgv-altenbeken.de\/wp\/wp-content\/uploads\/2020\/03\/Exkursion_2016-09-25_09-768x576.jpg 768w\" sizes=\"100vw\" \/><\/a>\n\t\t\t<\/div><\/figure><figure class='gallery-item'>\n\t\t\t<div class='gallery-icon landscape'>\n\t\t\t\t<a href='https:\/\/www.hgv-altenbeken.de\/wp\/wp-content\/uploads\/2020\/03\/Exkursion_2016-09-25_10.jpg'><img width=\"800\" height=\"600\" src=\"https:\/\/www.hgv-altenbeken.de\/wp\/wp-content\/uploads\/2020\/03\/Exkursion_2016-09-25_10.jpg\" class=\"attachment-full size-full\" alt=\"\" decoding=\"async\" loading=\"lazy\" srcset=\"https:\/\/www.hgv-altenbeken.de\/wp\/wp-content\/uploads\/2020\/03\/Exkursion_2016-09-25_10.jpg 800w, https:\/\/www.hgv-altenbeken.de\/wp\/wp-content\/uploads\/2020\/03\/Exkursion_2016-09-25_10-300x225.jpg 300w, https:\/\/www.hgv-altenbeken.de\/wp\/wp-content\/uploads\/2020\/03\/Exkursion_2016-09-25_10-768x576.jpg 768w\" sizes=\"100vw\" \/><\/a>\n\t\t\t<\/div><\/figure><figure class='gallery-item'>\n\t\t\t<div class='gallery-icon landscape'>\n\t\t\t\t<a href='https:\/\/www.hgv-altenbeken.de\/wp\/wp-content\/uploads\/2020\/03\/Exkursion_2016-09-25_11.jpg'><img width=\"800\" height=\"600\" src=\"https:\/\/www.hgv-altenbeken.de\/wp\/wp-content\/uploads\/2020\/03\/Exkursion_2016-09-25_11.jpg\" class=\"attachment-full size-full\" alt=\"\" decoding=\"async\" loading=\"lazy\" srcset=\"https:\/\/www.hgv-altenbeken.de\/wp\/wp-content\/uploads\/2020\/03\/Exkursion_2016-09-25_11.jpg 800w, https:\/\/www.hgv-altenbeken.de\/wp\/wp-content\/uploads\/2020\/03\/Exkursion_2016-09-25_11-300x225.jpg 300w, https:\/\/www.hgv-altenbeken.de\/wp\/wp-content\/uploads\/2020\/03\/Exkursion_2016-09-25_11-768x576.jpg 768w\" sizes=\"100vw\" \/><\/a>\n\t\t\t<\/div><\/figure><figure class='gallery-item'>\n\t\t\t<div class='gallery-icon landscape'>\n\t\t\t\t<a href='https:\/\/www.hgv-altenbeken.de\/wp\/wp-content\/uploads\/2020\/03\/Exkursion_2016-09-25_12.jpg'><img width=\"800\" height=\"600\" src=\"https:\/\/www.hgv-altenbeken.de\/wp\/wp-content\/uploads\/2020\/03\/Exkursion_2016-09-25_12.jpg\" class=\"attachment-full size-full\" alt=\"\" decoding=\"async\" loading=\"lazy\" srcset=\"https:\/\/www.hgv-altenbeken.de\/wp\/wp-content\/uploads\/2020\/03\/Exkursion_2016-09-25_12.jpg 800w, https:\/\/www.hgv-altenbeken.de\/wp\/wp-content\/uploads\/2020\/03\/Exkursion_2016-09-25_12-300x225.jpg 300w, https:\/\/www.hgv-altenbeken.de\/wp\/wp-content\/uploads\/2020\/03\/Exkursion_2016-09-25_12-768x576.jpg 768w\" sizes=\"100vw\" \/><\/a>\n\t\t\t<\/div><\/figure><figure class='gallery-item'>\n\t\t\t<div class='gallery-icon landscape'>\n\t\t\t\t<a href='https:\/\/www.hgv-altenbeken.de\/wp\/wp-content\/uploads\/2020\/03\/Exkursion_2016-09-25_13.jpg'><img width=\"800\" height=\"600\" src=\"https:\/\/www.hgv-altenbeken.de\/wp\/wp-content\/uploads\/2020\/03\/Exkursion_2016-09-25_13.jpg\" class=\"attachment-full size-full\" alt=\"\" decoding=\"async\" loading=\"lazy\" srcset=\"https:\/\/www.hgv-altenbeken.de\/wp\/wp-content\/uploads\/2020\/03\/Exkursion_2016-09-25_13.jpg 800w, https:\/\/www.hgv-altenbeken.de\/wp\/wp-content\/uploads\/2020\/03\/Exkursion_2016-09-25_13-300x225.jpg 300w, https:\/\/www.hgv-altenbeken.de\/wp\/wp-content\/uploads\/2020\/03\/Exkursion_2016-09-25_13-768x576.jpg 768w\" sizes=\"100vw\" \/><\/a>\n\t\t\t<\/div><\/figure><figure class='gallery-item'>\n\t\t\t<div class='gallery-icon landscape'>\n\t\t\t\t<a href='https:\/\/www.hgv-altenbeken.de\/wp\/wp-content\/uploads\/2020\/03\/Exkursion_2016-09-25_14.jpg'><img width=\"800\" height=\"600\" src=\"https:\/\/www.hgv-altenbeken.de\/wp\/wp-content\/uploads\/2020\/03\/Exkursion_2016-09-25_14.jpg\" class=\"attachment-full size-full\" alt=\"\" decoding=\"async\" loading=\"lazy\" srcset=\"https:\/\/www.hgv-altenbeken.de\/wp\/wp-content\/uploads\/2020\/03\/Exkursion_2016-09-25_14.jpg 800w, https:\/\/www.hgv-altenbeken.de\/wp\/wp-content\/uploads\/2020\/03\/Exkursion_2016-09-25_14-300x225.jpg 300w, https:\/\/www.hgv-altenbeken.de\/wp\/wp-content\/uploads\/2020\/03\/Exkursion_2016-09-25_14-768x576.jpg 768w\" sizes=\"100vw\" \/><\/a>\n\t\t\t<\/div><\/figure><figure class='gallery-item'>\n\t\t\t<div class='gallery-icon landscape'>\n\t\t\t\t<a href='https:\/\/www.hgv-altenbeken.de\/wp\/wp-content\/uploads\/2020\/03\/Exkursion_2016-09-25_15.jpg'><img width=\"800\" height=\"600\" src=\"https:\/\/www.hgv-altenbeken.de\/wp\/wp-content\/uploads\/2020\/03\/Exkursion_2016-09-25_15.jpg\" class=\"attachment-full size-full\" alt=\"\" decoding=\"async\" loading=\"lazy\" srcset=\"https:\/\/www.hgv-altenbeken.de\/wp\/wp-content\/uploads\/2020\/03\/Exkursion_2016-09-25_15.jpg 800w, https:\/\/www.hgv-altenbeken.de\/wp\/wp-content\/uploads\/2020\/03\/Exkursion_2016-09-25_15-300x225.jpg 300w, https:\/\/www.hgv-altenbeken.de\/wp\/wp-content\/uploads\/2020\/03\/Exkursion_2016-09-25_15-768x576.jpg 768w\" sizes=\"100vw\" \/><\/a>\n\t\t\t<\/div><\/figure><figure class='gallery-item'>\n\t\t\t<div class='gallery-icon landscape'>\n\t\t\t\t<a href='https:\/\/www.hgv-altenbeken.de\/wp\/wp-content\/uploads\/2020\/03\/Exkursion_2016-09-25_16.jpg'><img width=\"800\" height=\"600\" src=\"https:\/\/www.hgv-altenbeken.de\/wp\/wp-content\/uploads\/2020\/03\/Exkursion_2016-09-25_16.jpg\" class=\"attachment-full size-full\" alt=\"\" decoding=\"async\" loading=\"lazy\" srcset=\"https:\/\/www.hgv-altenbeken.de\/wp\/wp-content\/uploads\/2020\/03\/Exkursion_2016-09-25_16.jpg 800w, https:\/\/www.hgv-altenbeken.de\/wp\/wp-content\/uploads\/2020\/03\/Exkursion_2016-09-25_16-300x225.jpg 300w, https:\/\/www.hgv-altenbeken.de\/wp\/wp-content\/uploads\/2020\/03\/Exkursion_2016-09-25_16-768x576.jpg 768w\" sizes=\"100vw\" \/><\/a>\n\t\t\t<\/div><\/figure><figure class='gallery-item'>\n\t\t\t<div class='gallery-icon landscape'>\n\t\t\t\t<a href='https:\/\/www.hgv-altenbeken.de\/wp\/wp-content\/uploads\/2020\/03\/Exkursion_2016-09-25_17.jpg'><img width=\"800\" height=\"600\" src=\"https:\/\/www.hgv-altenbeken.de\/wp\/wp-content\/uploads\/2020\/03\/Exkursion_2016-09-25_17.jpg\" class=\"attachment-full size-full\" alt=\"\" decoding=\"async\" loading=\"lazy\" srcset=\"https:\/\/www.hgv-altenbeken.de\/wp\/wp-content\/uploads\/2020\/03\/Exkursion_2016-09-25_17.jpg 800w, https:\/\/www.hgv-altenbeken.de\/wp\/wp-content\/uploads\/2020\/03\/Exkursion_2016-09-25_17-300x225.jpg 300w, https:\/\/www.hgv-altenbeken.de\/wp\/wp-content\/uploads\/2020\/03\/Exkursion_2016-09-25_17-768x576.jpg 768w\" sizes=\"100vw\" \/><\/a>\n\t\t\t<\/div><\/figure>\n\t\t<\/div>\n\n","protected":false},"excerpt":{"rendered":"<p>Herbstexkursion &#8211; von Raketen, Glash\u00fctten und W\u00fcstungen \u00dcber Stock und Stein verlief die Herbstexkursion des Heimat- und Geschichtsvereins Altenbeken am sonnigen Sonntag, dem 25. September, an der Gemeindegrenze Altenbeken\/ Bad Driburg\/Neuenheerse auf dem Eggekamm. Etwa 30 Interessierte aus Altenbeken, Buke, Schwaney und Paderborn hatten sich eingefunden, um mehr \u00fcber Spuren j\u00fcngerer und \u00e4lterer Geschichte im &hellip; <\/p>\n<p class=\"link-more\"><a href=\"https:\/\/www.hgv-altenbeken.de\/wp\/aktivitaeten\/veranstaltungen-2016\/2016-09-25\/\" class=\"more-link\"><span class=\"screen-reader-text\">\u201e2016-09-25\u201c<\/span> weiterlesen<\/a><\/p>\n","protected":false},"author":1,"featured_media":0,"parent":470,"menu_order":0,"comment_status":"closed","ping_status":"closed","template":"","meta":{"ngg_post_thumbnail":0,"footnotes":""},"_links":{"self":[{"href":"https:\/\/www.hgv-altenbeken.de\/wp\/wp-json\/wp\/v2\/pages\/487"}],"collection":[{"href":"https:\/\/www.hgv-altenbeken.de\/wp\/wp-json\/wp\/v2\/pages"}],"about":[{"href":"https:\/\/www.hgv-altenbeken.de\/wp\/wp-json\/wp\/v2\/types\/page"}],"author":[{"embeddable":true,"href":"https:\/\/www.hgv-altenbeken.de\/wp\/wp-json\/wp\/v2\/users\/1"}],"replies":[{"embeddable":true,"href":"https:\/\/www.hgv-altenbeken.de\/wp\/wp-json\/wp\/v2\/comments?post=487"}],"version-history":[{"count":4,"href":"https:\/\/www.hgv-altenbeken.de\/wp\/wp-json\/wp\/v2\/pages\/487\/revisions"}],"predecessor-version":[{"id":616,"href":"https:\/\/www.hgv-altenbeken.de\/wp\/wp-json\/wp\/v2\/pages\/487\/revisions\/616"}],"up":[{"embeddable":true,"href":"https:\/\/www.hgv-altenbeken.de\/wp\/wp-json\/wp\/v2\/pages\/470"}],"wp:attachment":[{"href":"https:\/\/www.hgv-altenbeken.de\/wp\/wp-json\/wp\/v2\/media?parent=487"}],"curies":[{"name":"wp","href":"https:\/\/api.w.org\/{rel}","templated":true}]}}